{"id":641,"date":"2026-03-19T14:24:31","date_gmt":"2026-03-19T13:24:31","guid":{"rendered":"https:\/\/masajes.adrirodrigof5.es\/?post_type=product&#038;p=641"},"modified":"2026-03-19T20:08:00","modified_gmt":"2026-03-19T19:08:00","slug":"trans-resveratrol-with-quercetin-550mg","status":"publish","type":"product","link":"https:\/\/masajes.adrirodrigof5.es\/en\/product\/trans-resveratrol-with-quercetin-550mg\/","title":{"rendered":"Trans Resveratrol with Quercetin 550mg"},"content":{"rendered":"<p>\u00bfPor qu\u00e9 elegir las c\u00e1psulas con trans-resveratrol de WeightWorld? \u2014 Sumergirse en el incre\u00edble mundo de este polifenol es posible gracias a la forma activa del resveratrol. Conteniendo 500 mg de trans-resveratrol por porci\u00f3n y 50 mg de quercetina, estas c\u00e1psulas del polygonum japon\u00e9s son la clave para que el tiempo pase y la esencia permanezca inalterable.<\/p>\n<p>El secreto de la belleza eterna \u2014 en la profundidad de algunas plantas se esconde un elemento que parece entender el ritmo del tiempo: el trans-resveratrol. Perfecto para quienes buscan mantenerse en armon\u00eda con su reflejo, acompa\u00f1a cada d\u00eda con la suavidad de una brisa refrescante, como un suspiro de aire fresco que despierta cada instante.<br \/>\nLa combinaci\u00f3n infalible con quercetina \u2014 el resveratrol puro se une a las maravillosas propiedades de la quercetina en este suplemento.<\/p>\n<p>Esta es un flavonoide obtenido de plantas y alimentos. En este suplemento, la quercetina se extrae de las flores de la sophora japonica, originaria del este de Asia. Una f\u00f3rmula \u00fanica que te encantar\u00e1.<\/p>\n<p>Trans-resveratrol vegano y natural \u2014 en WeightWorld ofrecemos un suplemento natural con resveratrol y quercetina sin aditivos artificiales. Tambi\u00e9n es adecuado para varias dietas, incluyendo vegana, sin lactosa, sin gluten y cetog\u00e9nica. El suplemento contiene 550 mg por porci\u00f3n y est\u00e1 dise\u00f1ado para un consumo diario durante 4 meses.<\/p>\n<p>\u00bfCu\u00e1l es la historia de WeightWorld? \u2014 Durante m\u00e1s de 18 a\u00f1os, la marca se ha inspirado en las necesidades de los consumidores. WeightWorld contin\u00faa creciendo manteniendo la misma pasi\u00f3n y filosof\u00eda, sin perder nunca la atenci\u00f3n al detalle. Fundado sobre valores, se ha mantenido constante a lo largo de los a\u00f1os y seguir\u00e1 siendo as\u00ed en el futuro.<\/p>\n<p>&nbsp;<\/p>","protected":false},"excerpt":{"rendered":"<p>Trans Resveratrol with Quercetin 550mg &#8211; 120 Capsules of 98% Japanese Knotweed and Sophora Japonica &#8211; 4 Month Supply &#8211; Vegan and Gluten Free<\/p>","protected":false},"featured_media":748,"comment_status":"open","ping_status":"closed","template":"","meta":[],"product_brand":[],"product_cat":[36],"product_tag":[],"class_list":{"0":"post-641","1":"product","2":"type-product","3":"status-publish","4":"has-post-thumbnail","6":"product_cat-suplementos-y-vitaminas","8":"first","9":"instock","10":"shipping-taxable","11":"purchasable","12":"product-type-simple"},"yoast_head":"<!-- This site is optimized with the Yoast SEO plugin v27.5 - https:\/\/yoast.com\/product\/yoast-seo-wordpress\/ -->\n<title>Trans Resveratrol with Quercetin 550mg - Cura Vida - Masaje Terap\u00e9utico Profesional en Alicante<\/title>\n<meta name=\"robots\" content=\"noindex, follow, max-snippet:-1, max-image-preview:large, max-video-preview:-1\" \/>\n<meta property=\"og:locale\" content=\"en_US\" \/>\n<meta property=\"og:type\" content=\"article\" \/>\n<meta property=\"og:title\" content=\"Trans Resveratrol with Quercetin 550mg - Cura Vida - Masaje Terap\u00e9utico Profesional en Alicante\" \/>\n<meta property=\"og:description\" content=\"Trans Resveratrol with Quercetin 550mg - 120 Capsules of 98% Japanese Knotweed and Sophora Japonica - 4 Month Supply - Vegan and Gluten Free\" \/>\n<meta property=\"og:url\" content=\"https:\/\/masajes.adrirodrigof5.es\/en\/producto\/trans-resveratrol-with-quercetin-550mg\/\" \/>\n<meta property=\"og:site_name\" content=\"Cura Vida - Masaje Terap\u00e9utico Profesional en Alicante\" \/>\n<meta property=\"article:modified_time\" content=\"2026-03-19T19:08:00+00:00\" \/>\n<meta property=\"og:image\" content=\"https:\/\/masajes.adrirodrigof5.es\/wp-content\/uploads\/2026\/03\/transresveratrol-with-quercetin-es-front.webp\" \/>\n\t<meta property=\"og:image:width\" content=\"1000\" \/>\n\t<meta property=\"og:image:height\" content=\"1000\" \/>\n\t<meta property=\"og:image:type\" content=\"image\/webp\" \/>\n<meta name=\"twitter:card\" content=\"summary_large_image\" \/>\n<meta name=\"twitter:label1\" content=\"Est. reading time\" \/>\n\t<meta name=\"twitter:data1\" content=\"2 minutes\" \/>\n<script type=\"application\/ld+json\" class=\"yoast-schema-graph\">{\"@context\":\"https:\\\/\\\/schema.org\",\"@graph\":[{\"@type\":\"WebPage\",\"@id\":\"https:\\\/\\\/masajes.adrirodrigof5.es\\\/producto\\\/trans-resveratrol-with-quercetin-550mg\\\/\",\"url\":\"https:\\\/\\\/masajes.adrirodrigof5.es\\\/producto\\\/trans-resveratrol-with-quercetin-550mg\\\/\",\"name\":\"Trans Resveratrol with Quercetin 550mg - Cura Vida - Masaje Terap\u00e9utico Profesional en Alicante\",\"isPartOf\":{\"@id\":\"https:\\\/\\\/masajes.adrirodrigof5.es\\\/#website\"},\"primaryImageOfPage\":{\"@id\":\"https:\\\/\\\/masajes.adrirodrigof5.es\\\/producto\\\/trans-resveratrol-with-quercetin-550mg\\\/#primaryimage\"},\"image\":{\"@id\":\"https:\\\/\\\/masajes.adrirodrigof5.es\\\/producto\\\/trans-resveratrol-with-quercetin-550mg\\\/#primaryimage\"},\"thumbnailUrl\":\"https:\\\/\\\/masajes.adrirodrigof5.es\\\/wp-content\\\/uploads\\\/2026\\\/03\\\/transresveratrol-with-quercetin-es-front.webp\",\"datePublished\":\"2026-03-19T13:24:31+00:00\",\"dateModified\":\"2026-03-19T19:08:00+00:00\",\"breadcrumb\":{\"@id\":\"https:\\\/\\\/masajes.adrirodrigof5.es\\\/producto\\\/trans-resveratrol-with-quercetin-550mg\\\/#breadcrumb\"},\"inLanguage\":\"en-US\",\"potentialAction\":[{\"@type\":\"ReadAction\",\"target\":[\"https:\\\/\\\/masajes.adrirodrigof5.es\\\/producto\\\/trans-resveratrol-with-quercetin-550mg\\\/\"]}]},{\"@type\":\"ImageObject\",\"inLanguage\":\"en-US\",\"@id\":\"https:\\\/\\\/masajes.adrirodrigof5.es\\\/producto\\\/trans-resveratrol-with-quercetin-550mg\\\/#primaryimage\",\"url\":\"https:\\\/\\\/masajes.adrirodrigof5.es\\\/wp-content\\\/uploads\\\/2026\\\/03\\\/transresveratrol-with-quercetin-es-front.webp\",\"contentUrl\":\"https:\\\/\\\/masajes.adrirodrigof5.es\\\/wp-content\\\/uploads\\\/2026\\\/03\\\/transresveratrol-with-quercetin-es-front.webp\",\"width\":1000,\"height\":1000},{\"@type\":\"BreadcrumbList\",\"@id\":\"https:\\\/\\\/masajes.adrirodrigof5.es\\\/producto\\\/trans-resveratrol-with-quercetin-550mg\\\/#breadcrumb\",\"itemListElement\":[{\"@type\":\"ListItem\",\"position\":1,\"name\":\"Portada\",\"item\":\"https:\\\/\\\/masajes.adrirodrigof5.es\\\/\"},{\"@type\":\"ListItem\",\"position\":2,\"name\":\"Tienda\",\"item\":\"https:\\\/\\\/masajes.adrirodrigof5.es\\\/tienda\\\/\"},{\"@type\":\"ListItem\",\"position\":3,\"name\":\"Trans Resveratrol with Quercetin 550mg\"}]},{\"@type\":\"WebSite\",\"@id\":\"https:\\\/\\\/masajes.adrirodrigof5.es\\\/#website\",\"url\":\"https:\\\/\\\/masajes.adrirodrigof5.es\\\/\",\"name\":\"Cura Vida - Masaje Terap\u00e9utico Profesional en Alicante\",\"description\":\"Centro de recuperaci\u00f3n y masaje terap\u00e9utico en Alicante.\",\"potentialAction\":[{\"@type\":\"SearchAction\",\"target\":{\"@type\":\"EntryPoint\",\"urlTemplate\":\"https:\\\/\\\/masajes.adrirodrigof5.es\\\/?s={search_term_string}\"},\"query-input\":{\"@type\":\"PropertyValueSpecification\",\"valueRequired\":true,\"valueName\":\"search_term_string\"}}],\"inLanguage\":\"en-US\"}]}<\/script>\n<!-- \/ Yoast SEO plugin. -->","yoast_head_json":{"title":"Trans Resveratrol with Quercetin 550mg - Cura Vida - Masaje Terap\u00e9utico Profesional en Alicante","robots":{"index":"noindex","follow":"follow","max-snippet":"max-snippet:-1","max-image-preview":"max-image-preview:large","max-video-preview":"max-video-preview:-1"},"og_locale":"en_US","og_type":"article","og_title":"Trans Resveratrol with Quercetin 550mg - Cura Vida - Masaje Terap\u00e9utico Profesional en Alicante","og_description":"Trans Resveratrol with Quercetin 550mg - 120 Capsules of 98% Japanese Knotweed and Sophora Japonica - 4 Month Supply - Vegan and Gluten Free","og_url":"https:\/\/masajes.adrirodrigof5.es\/en\/producto\/trans-resveratrol-with-quercetin-550mg\/","og_site_name":"Cura Vida - Masaje Terap\u00e9utico Profesional en Alicante","article_modified_time":"2026-03-19T19:08:00+00:00","og_image":[{"width":1000,"height":1000,"url":"https:\/\/masajes.adrirodrigof5.es\/wp-content\/uploads\/2026\/03\/transresveratrol-with-quercetin-es-front.webp","type":"image\/webp"}],"twitter_card":"summary_large_image","twitter_misc":{"Est. reading time":"2 minutes"},"schema":{"@context":"https:\/\/schema.org","@graph":[{"@type":"WebPage","@id":"https:\/\/masajes.adrirodrigof5.es\/producto\/trans-resveratrol-with-quercetin-550mg\/","url":"https:\/\/masajes.adrirodrigof5.es\/producto\/trans-resveratrol-with-quercetin-550mg\/","name":"Trans Resveratrol with Quercetin 550mg - Cura Vida - Masaje Terap\u00e9utico Profesional en Alicante","isPartOf":{"@id":"https:\/\/masajes.adrirodrigof5.es\/#website"},"primaryImageOfPage":{"@id":"https:\/\/masajes.adrirodrigof5.es\/producto\/trans-resveratrol-with-quercetin-550mg\/#primaryimage"},"image":{"@id":"https:\/\/masajes.adrirodrigof5.es\/producto\/trans-resveratrol-with-quercetin-550mg\/#primaryimage"},"thumbnailUrl":"https:\/\/masajes.adrirodrigof5.es\/wp-content\/uploads\/2026\/03\/transresveratrol-with-quercetin-es-front.webp","datePublished":"2026-03-19T13:24:31+00:00","dateModified":"2026-03-19T19:08:00+00:00","breadcrumb":{"@id":"https:\/\/masajes.adrirodrigof5.es\/producto\/trans-resveratrol-with-quercetin-550mg\/#breadcrumb"},"inLanguage":"en-US","potentialAction":[{"@type":"ReadAction","target":["https:\/\/masajes.adrirodrigof5.es\/producto\/trans-resveratrol-with-quercetin-550mg\/"]}]},{"@type":"ImageObject","inLanguage":"en-US","@id":"https:\/\/masajes.adrirodrigof5.es\/producto\/trans-resveratrol-with-quercetin-550mg\/#primaryimage","url":"https:\/\/masajes.adrirodrigof5.es\/wp-content\/uploads\/2026\/03\/transresveratrol-with-quercetin-es-front.webp","contentUrl":"https:\/\/masajes.adrirodrigof5.es\/wp-content\/uploads\/2026\/03\/transresveratrol-with-quercetin-es-front.webp","width":1000,"height":1000},{"@type":"BreadcrumbList","@id":"https:\/\/masajes.adrirodrigof5.es\/producto\/trans-resveratrol-with-quercetin-550mg\/#breadcrumb","itemListElement":[{"@type":"ListItem","position":1,"name":"Portada","item":"https:\/\/masajes.adrirodrigof5.es\/"},{"@type":"ListItem","position":2,"name":"Tienda","item":"https:\/\/masajes.adrirodrigof5.es\/tienda\/"},{"@type":"ListItem","position":3,"name":"Trans Resveratrol with Quercetin 550mg"}]},{"@type":"WebSite","@id":"https:\/\/masajes.adrirodrigof5.es\/#website","url":"https:\/\/masajes.adrirodrigof5.es\/","name":"Cura Vida - Masaje Terap\u00e9utico Profesional en Alicante","description":"Centro de recuperaci\u00f3n y masaje terap\u00e9utico en Alicante.","potentialAction":[{"@type":"SearchAction","target":{"@type":"EntryPoint","urlTemplate":"https:\/\/masajes.adrirodrigof5.es\/?s={search_term_string}"},"query-input":{"@type":"PropertyValueSpecification","valueRequired":true,"valueName":"search_term_string"}}],"inLanguage":"en-US"}]}},"_links":{"self":[{"href":"https:\/\/masajes.adrirodrigof5.es\/en\/wp-json\/wp\/v2\/product\/641","targetHints":{"allow":["GET"]}}],"collection":[{"href":"https:\/\/masajes.adrirodrigof5.es\/en\/wp-json\/wp\/v2\/product"}],"about":[{"href":"https:\/\/masajes.adrirodrigof5.es\/en\/wp-json\/wp\/v2\/types\/product"}],"replies":[{"embeddable":true,"href":"https:\/\/masajes.adrirodrigof5.es\/en\/wp-json\/wp\/v2\/comments?post=641"}],"wp:featuredmedia":[{"embeddable":true,"href":"https:\/\/masajes.adrirodrigof5.es\/en\/wp-json\/wp\/v2\/media\/748"}],"wp:attachment":[{"href":"https:\/\/masajes.adrirodrigof5.es\/en\/wp-json\/wp\/v2\/media?parent=641"}],"wp:term":[{"taxonomy":"product_brand","embeddable":true,"href":"https:\/\/masajes.adrirodrigof5.es\/en\/wp-json\/wp\/v2\/product_brand?post=641"},{"taxonomy":"product_cat","embeddable":true,"href":"https:\/\/masajes.adrirodrigof5.es\/en\/wp-json\/wp\/v2\/product_cat?post=641"},{"taxonomy":"product_tag","embeddable":true,"href":"https:\/\/masajes.adrirodrigof5.es\/en\/wp-json\/wp\/v2\/product_tag?post=641"}],"curies":[{"name":"wp","href":"https:\/\/api.w.org\/{rel}","templated":true}]}}