{"id":640,"date":"2026-03-19T13:42:28","date_gmt":"2026-03-19T12:42:28","guid":{"rendered":"https:\/\/masajes.adrirodrigof5.es\/?post_type=product&#038;p=640"},"modified":"2026-03-19T14:22:40","modified_gmt":"2026-03-19T13:22:40","slug":"crema-arnica-35","status":"publish","type":"product","link":"https:\/\/masajes.adrirodrigof5.es\/en\/product\/crema-arnica-35\/","title":{"rendered":"Crema \u00c1rnica 35"},"content":{"rendered":"<p>ARNICA 35: 35 % de \u00e1rnica montana org\u00e1nica, ideal para calmar la piel estresada, incluso con tensi\u00f3n en articulaciones y m\u00fasculos, con un efecto refrescante de larga duraci\u00f3n.<br \/>\nF\u00d3RMULA: Este gel est\u00e1 compuesto principalmente de extracto de \u00e1rnica y aceites esenciales de menta piperita y eucalipto; es suave con la piel y apto para ni\u00f1os y adultos.<br \/>\nVENTAJAS: Alivia la piel especialmente estresada, incluso con tensi\u00f3n articular y muscular. Producto dermatol\u00f3gicamente probado.<br \/>\nCONSEJOS DE USO: Este gel de \u00e1rnica se puede usar antes y despu\u00e9s de hacer deporte para masajear m\u00fasculos y articulaciones; apto para pieles sensibles.<\/p>\n<p>&nbsp;<\/p>","protected":false},"excerpt":{"rendered":"<p>\u00c1rnica 35 \u2013 Crema en gel con 35 % de \u00e1rnica org\u00e1nica, menta y eucalipto, acci\u00f3n potente, ideal para masajes musculares y articulares, 75 ml, fabricado en Italia<\/p>","protected":false},"featured_media":0,"comment_status":"open","ping_status":"closed","template":"","meta":[],"product_brand":[],"product_cat":[34,35],"product_tag":[],"class_list":{"0":"post-640","1":"product","2":"type-product","3":"status-publish","5":"product_cat-cremas-y-unguentos","6":"product_cat-relajantes-musculares-y-analgesicos-articulares","8":"first","9":"instock","10":"shipping-taxable","11":"purchasable","12":"product-type-simple"},"yoast_head":"<!-- This site is optimized with the Yoast SEO plugin v27.5 - https:\/\/yoast.com\/product\/yoast-seo-wordpress\/ -->\n<title>Crema \u00c1rnica 35 - Cura Vida - Masaje Terap\u00e9utico Profesional en Alicante<\/title>\n<meta name=\"robots\" content=\"noindex, follow, max-snippet:-1, max-image-preview:large, max-video-preview:-1\" \/>\n<meta property=\"og:locale\" content=\"en_US\" \/>\n<meta property=\"og:type\" content=\"article\" \/>\n<meta property=\"og:title\" content=\"Crema \u00c1rnica 35 - Cura Vida - Masaje Terap\u00e9utico Profesional en Alicante\" \/>\n<meta property=\"og:description\" content=\"\u00c1rnica 35 \u2013 Crema en gel con 35 % de \u00e1rnica org\u00e1nica, menta y eucalipto, acci\u00f3n potente, ideal para masajes musculares y articulares, 75 ml, fabricado en Italia\" \/>\n<meta property=\"og:url\" content=\"https:\/\/masajes.adrirodrigof5.es\/en\/producto\/crema-arnica-35\/\" \/>\n<meta property=\"og:site_name\" content=\"Cura Vida - Masaje Terap\u00e9utico Profesional en Alicante\" \/>\n<meta property=\"article:modified_time\" content=\"2026-03-19T13:22:40+00:00\" \/>\n<meta name=\"twitter:card\" content=\"summary_large_image\" \/>\n<meta name=\"twitter:label1\" content=\"Est. reading time\" \/>\n\t<meta name=\"twitter:data1\" content=\"1 minute\" \/>\n<script type=\"application\/ld+json\" class=\"yoast-schema-graph\">{\"@context\":\"https:\\\/\\\/schema.org\",\"@graph\":[{\"@type\":\"WebPage\",\"@id\":\"https:\\\/\\\/masajes.adrirodrigof5.es\\\/producto\\\/crema-arnica-35\\\/\",\"url\":\"https:\\\/\\\/masajes.adrirodrigof5.es\\\/producto\\\/crema-arnica-35\\\/\",\"name\":\"Crema \u00c1rnica 35 - Cura Vida - Masaje Terap\u00e9utico Profesional en Alicante\",\"isPartOf\":{\"@id\":\"https:\\\/\\\/masajes.adrirodrigof5.es\\\/#website\"},\"datePublished\":\"2026-03-19T12:42:28+00:00\",\"dateModified\":\"2026-03-19T13:22:40+00:00\",\"breadcrumb\":{\"@id\":\"https:\\\/\\\/masajes.adrirodrigof5.es\\\/producto\\\/crema-arnica-35\\\/#breadcrumb\"},\"inLanguage\":\"en-US\",\"potentialAction\":[{\"@type\":\"ReadAction\",\"target\":[\"https:\\\/\\\/masajes.adrirodrigof5.es\\\/producto\\\/crema-arnica-35\\\/\"]}]},{\"@type\":\"BreadcrumbList\",\"@id\":\"https:\\\/\\\/masajes.adrirodrigof5.es\\\/producto\\\/crema-arnica-35\\\/#breadcrumb\",\"itemListElement\":[{\"@type\":\"ListItem\",\"position\":1,\"name\":\"Portada\",\"item\":\"https:\\\/\\\/masajes.adrirodrigof5.es\\\/\"},{\"@type\":\"ListItem\",\"position\":2,\"name\":\"Tienda\",\"item\":\"https:\\\/\\\/masajes.adrirodrigof5.es\\\/tienda\\\/\"},{\"@type\":\"ListItem\",\"position\":3,\"name\":\"Crema \u00c1rnica 35\"}]},{\"@type\":\"WebSite\",\"@id\":\"https:\\\/\\\/masajes.adrirodrigof5.es\\\/#website\",\"url\":\"https:\\\/\\\/masajes.adrirodrigof5.es\\\/\",\"name\":\"Cura Vida - Masaje Terap\u00e9utico Profesional en Alicante\",\"description\":\"Centro de recuperaci\u00f3n y masaje terap\u00e9utico en Alicante.\",\"potentialAction\":[{\"@type\":\"SearchAction\",\"target\":{\"@type\":\"EntryPoint\",\"urlTemplate\":\"https:\\\/\\\/masajes.adrirodrigof5.es\\\/?s={search_term_string}\"},\"query-input\":{\"@type\":\"PropertyValueSpecification\",\"valueRequired\":true,\"valueName\":\"search_term_string\"}}],\"inLanguage\":\"en-US\"}]}<\/script>\n<!-- \/ Yoast SEO plugin. -->","yoast_head_json":{"title":"Crema \u00c1rnica 35 - Cura Vida - Masaje Terap\u00e9utico Profesional en Alicante","robots":{"index":"noindex","follow":"follow","max-snippet":"max-snippet:-1","max-image-preview":"max-image-preview:large","max-video-preview":"max-video-preview:-1"},"og_locale":"en_US","og_type":"article","og_title":"Crema \u00c1rnica 35 - Cura Vida - Masaje Terap\u00e9utico Profesional en Alicante","og_description":"\u00c1rnica 35 \u2013 Crema en gel con 35 % de \u00e1rnica org\u00e1nica, menta y eucalipto, acci\u00f3n potente, ideal para masajes musculares y articulares, 75 ml, fabricado en Italia","og_url":"https:\/\/masajes.adrirodrigof5.es\/en\/producto\/crema-arnica-35\/","og_site_name":"Cura Vida - Masaje Terap\u00e9utico Profesional en Alicante","article_modified_time":"2026-03-19T13:22:40+00:00","twitter_card":"summary_large_image","twitter_misc":{"Est. reading time":"1 minute"},"schema":{"@context":"https:\/\/schema.org","@graph":[{"@type":"WebPage","@id":"https:\/\/masajes.adrirodrigof5.es\/producto\/crema-arnica-35\/","url":"https:\/\/masajes.adrirodrigof5.es\/producto\/crema-arnica-35\/","name":"Crema \u00c1rnica 35 - Cura Vida - Masaje Terap\u00e9utico Profesional en Alicante","isPartOf":{"@id":"https:\/\/masajes.adrirodrigof5.es\/#website"},"datePublished":"2026-03-19T12:42:28+00:00","dateModified":"2026-03-19T13:22:40+00:00","breadcrumb":{"@id":"https:\/\/masajes.adrirodrigof5.es\/producto\/crema-arnica-35\/#breadcrumb"},"inLanguage":"en-US","potentialAction":[{"@type":"ReadAction","target":["https:\/\/masajes.adrirodrigof5.es\/producto\/crema-arnica-35\/"]}]},{"@type":"BreadcrumbList","@id":"https:\/\/masajes.adrirodrigof5.es\/producto\/crema-arnica-35\/#breadcrumb","itemListElement":[{"@type":"ListItem","position":1,"name":"Portada","item":"https:\/\/masajes.adrirodrigof5.es\/"},{"@type":"ListItem","position":2,"name":"Tienda","item":"https:\/\/masajes.adrirodrigof5.es\/tienda\/"},{"@type":"ListItem","position":3,"name":"Crema \u00c1rnica 35"}]},{"@type":"WebSite","@id":"https:\/\/masajes.adrirodrigof5.es\/#website","url":"https:\/\/masajes.adrirodrigof5.es\/","name":"Cura Vida - Masaje Terap\u00e9utico Profesional en Alicante","description":"Centro de recuperaci\u00f3n y masaje terap\u00e9utico en Alicante.","potentialAction":[{"@type":"SearchAction","target":{"@type":"EntryPoint","urlTemplate":"https:\/\/masajes.adrirodrigof5.es\/?s={search_term_string}"},"query-input":{"@type":"PropertyValueSpecification","valueRequired":true,"valueName":"search_term_string"}}],"inLanguage":"en-US"}]}},"_links":{"self":[{"href":"https:\/\/masajes.adrirodrigof5.es\/en\/wp-json\/wp\/v2\/product\/640","targetHints":{"allow":["GET"]}}],"collection":[{"href":"https:\/\/masajes.adrirodrigof5.es\/en\/wp-json\/wp\/v2\/product"}],"about":[{"href":"https:\/\/masajes.adrirodrigof5.es\/en\/wp-json\/wp\/v2\/types\/product"}],"replies":[{"embeddable":true,"href":"https:\/\/masajes.adrirodrigof5.es\/en\/wp-json\/wp\/v2\/comments?post=640"}],"wp:attachment":[{"href":"https:\/\/masajes.adrirodrigof5.es\/en\/wp-json\/wp\/v2\/media?parent=640"}],"wp:term":[{"taxonomy":"product_brand","embeddable":true,"href":"https:\/\/masajes.adrirodrigof5.es\/en\/wp-json\/wp\/v2\/product_brand?post=640"},{"taxonomy":"product_cat","embeddable":true,"href":"https:\/\/masajes.adrirodrigof5.es\/en\/wp-json\/wp\/v2\/product_cat?post=640"},{"taxonomy":"product_tag","embeddable":true,"href":"https:\/\/masajes.adrirodrigof5.es\/en\/wp-json\/wp\/v2\/product_tag?post=640"}],"curies":[{"name":"wp","href":"https:\/\/api.w.org\/{rel}","templated":true}]}}