{"id":637,"date":"2026-03-19T01:16:53","date_gmt":"2026-03-19T00:16:53","guid":{"rendered":"https:\/\/masajes.adrirodrigof5.es\/?post_type=product&#038;p=637"},"modified":"2026-03-19T13:38:36","modified_gmt":"2026-03-19T12:38:36","slug":"masajeador-de-pies-de-madera","status":"publish","type":"product","link":"https:\/\/masajes.adrirodrigof5.es\/en\/product\/masajeador-de-pies-de-madera\/","title":{"rendered":"Masajeador de pies de madera."},"content":{"rendered":"<p>MEJORA LA SALUD DE LOS PIES: Este rodillo masajeador de pies cuenta con 2 tipos diferentes de puntos de acupresi\u00f3n y 5 densas filas de p\u00faas para tratar los puntos gatillo. Su dise\u00f1o arqueado refleja la curvatura natural del pie para mayor comodidad y un masaje \u00f3ptimo.<br \/>\nALIVIO DEL DOLOR: El rodillo para pies tiene una forma ergon\u00f3mica y simula t\u00e9cnicas de masaje manual, masajeando los puntos de presi\u00f3n y los puntos gatillo para promover la circulaci\u00f3n sangu\u00ednea en las zonas reflejas del pie, aliviando eficazmente diversos tipos de dolor de pie o tal\u00f3n, y aliviando el dolor de pie por fascitis basal.<br \/>\nPROMUEVE LA CIRCULACI\u00d3N SANGU\u00cdNEA: Los rodillos elevados en la superficie del masajeador de pies pueden estimular la circulaci\u00f3n sangu\u00ednea y rejuvenecer los pies. Al mismo tiempo, relaja los m\u00fasculos tensos, estimula las zonas reflejas del pie, proporciona un masaje eficaz del espol\u00f3n calc\u00e1neo para el dolor y la fatiga del pie, y alivia la tensi\u00f3n.<br \/>\nMATERIAL DE ALTA CALIDAD: Este duradero rodillo masajeador est\u00e1 hecho de madera de loto de alta calidad y elaborado con artesan\u00eda tradicional. No t\u00f3xico, inofensivo, ecol\u00f3gico y duradero. Los rodillos de madera para masaje de pies tienen una superficie lisa y pulida que no vibra, chirr\u00eda ni se astilla. Son m\u00e1s adecuados para pies descalzos y ofrecen un mejor efecto de masaje.<br \/>\nEL REGALO PERFECTO: Este rodillo para masaje de pies es saludable, ecol\u00f3gico y f\u00e1cil de usar. Ideal para la mayor\u00eda de las personas; puedes regalarlo a tus padres, profesores, amigos o pareja.<\/p>","protected":false},"excerpt":{"rendered":"<p>Masajeador de pies de madera, masajeador de pies para aliviar la fascitis plantar con doble rodillo, reflexolog\u00eda podal, rodillo de madera para masaje de pies con acupresi\u00f3n.<\/p>","protected":false},"featured_media":0,"comment_status":"open","ping_status":"closed","template":"","meta":[],"product_brand":[],"product_cat":[32,33],"product_tag":[],"class_list":{"0":"post-637","1":"product","2":"type-product","3":"status-publish","5":"product_cat-accesorios-de-fisioterapia-y-ejercicio","6":"product_cat-ejercitadores-de-pies","8":"first","9":"instock","10":"shipping-taxable","11":"purchasable","12":"product-type-simple"},"yoast_head":"<!-- This site is optimized with the Yoast SEO plugin v27.5 - https:\/\/yoast.com\/product\/yoast-seo-wordpress\/ -->\n<title>Masajeador de pies de madera. - Cura Vida - Masaje Terap\u00e9utico Profesional en Alicante<\/title>\n<meta name=\"robots\" content=\"noindex, follow, max-snippet:-1, max-image-preview:large, max-video-preview:-1\" \/>\n<meta property=\"og:locale\" content=\"en_US\" \/>\n<meta property=\"og:type\" content=\"article\" \/>\n<meta property=\"og:title\" content=\"Masajeador de pies de madera. - Cura Vida - Masaje Terap\u00e9utico Profesional en Alicante\" \/>\n<meta property=\"og:description\" content=\"Masajeador de pies de madera, masajeador de pies para aliviar la fascitis plantar con doble rodillo, reflexolog\u00eda podal, rodillo de madera para masaje de pies con acupresi\u00f3n.\" \/>\n<meta property=\"og:url\" content=\"https:\/\/masajes.adrirodrigof5.es\/en\/producto\/masajeador-de-pies-de-madera\/\" \/>\n<meta property=\"og:site_name\" content=\"Cura Vida - Masaje Terap\u00e9utico Profesional en Alicante\" \/>\n<meta property=\"article:modified_time\" content=\"2026-03-19T12:38:36+00:00\" \/>\n<meta name=\"twitter:card\" content=\"summary_large_image\" \/>\n<meta name=\"twitter:label1\" content=\"Est. reading time\" \/>\n\t<meta name=\"twitter:data1\" content=\"2 minutes\" \/>\n<script type=\"application\/ld+json\" class=\"yoast-schema-graph\">{\"@context\":\"https:\\\/\\\/schema.org\",\"@graph\":[{\"@type\":\"WebPage\",\"@id\":\"https:\\\/\\\/masajes.adrirodrigof5.es\\\/producto\\\/masajeador-de-pies-de-madera\\\/\",\"url\":\"https:\\\/\\\/masajes.adrirodrigof5.es\\\/producto\\\/masajeador-de-pies-de-madera\\\/\",\"name\":\"Masajeador de pies de madera. - Cura Vida - Masaje Terap\u00e9utico Profesional en Alicante\",\"isPartOf\":{\"@id\":\"https:\\\/\\\/masajes.adrirodrigof5.es\\\/#website\"},\"datePublished\":\"2026-03-19T00:16:53+00:00\",\"dateModified\":\"2026-03-19T12:38:36+00:00\",\"breadcrumb\":{\"@id\":\"https:\\\/\\\/masajes.adrirodrigof5.es\\\/producto\\\/masajeador-de-pies-de-madera\\\/#breadcrumb\"},\"inLanguage\":\"en-US\",\"potentialAction\":[{\"@type\":\"ReadAction\",\"target\":[\"https:\\\/\\\/masajes.adrirodrigof5.es\\\/producto\\\/masajeador-de-pies-de-madera\\\/\"]}]},{\"@type\":\"BreadcrumbList\",\"@id\":\"https:\\\/\\\/masajes.adrirodrigof5.es\\\/producto\\\/masajeador-de-pies-de-madera\\\/#breadcrumb\",\"itemListElement\":[{\"@type\":\"ListItem\",\"position\":1,\"name\":\"Portada\",\"item\":\"https:\\\/\\\/masajes.adrirodrigof5.es\\\/\"},{\"@type\":\"ListItem\",\"position\":2,\"name\":\"Tienda\",\"item\":\"https:\\\/\\\/masajes.adrirodrigof5.es\\\/tienda\\\/\"},{\"@type\":\"ListItem\",\"position\":3,\"name\":\"Masajeador de pies de madera.\"}]},{\"@type\":\"WebSite\",\"@id\":\"https:\\\/\\\/masajes.adrirodrigof5.es\\\/#website\",\"url\":\"https:\\\/\\\/masajes.adrirodrigof5.es\\\/\",\"name\":\"Cura Vida - Masaje Terap\u00e9utico Profesional en Alicante\",\"description\":\"Centro de recuperaci\u00f3n y masaje terap\u00e9utico en Alicante.\",\"potentialAction\":[{\"@type\":\"SearchAction\",\"target\":{\"@type\":\"EntryPoint\",\"urlTemplate\":\"https:\\\/\\\/masajes.adrirodrigof5.es\\\/?s={search_term_string}\"},\"query-input\":{\"@type\":\"PropertyValueSpecification\",\"valueRequired\":true,\"valueName\":\"search_term_string\"}}],\"inLanguage\":\"en-US\"}]}<\/script>\n<!-- \/ Yoast SEO plugin. -->","yoast_head_json":{"title":"Masajeador de pies de madera. - Cura Vida - Masaje Terap\u00e9utico Profesional en Alicante","robots":{"index":"noindex","follow":"follow","max-snippet":"max-snippet:-1","max-image-preview":"max-image-preview:large","max-video-preview":"max-video-preview:-1"},"og_locale":"en_US","og_type":"article","og_title":"Masajeador de pies de madera. - Cura Vida - Masaje Terap\u00e9utico Profesional en Alicante","og_description":"Masajeador de pies de madera, masajeador de pies para aliviar la fascitis plantar con doble rodillo, reflexolog\u00eda podal, rodillo de madera para masaje de pies con acupresi\u00f3n.","og_url":"https:\/\/masajes.adrirodrigof5.es\/en\/producto\/masajeador-de-pies-de-madera\/","og_site_name":"Cura Vida - Masaje Terap\u00e9utico Profesional en Alicante","article_modified_time":"2026-03-19T12:38:36+00:00","twitter_card":"summary_large_image","twitter_misc":{"Est. reading time":"2 minutes"},"schema":{"@context":"https:\/\/schema.org","@graph":[{"@type":"WebPage","@id":"https:\/\/masajes.adrirodrigof5.es\/producto\/masajeador-de-pies-de-madera\/","url":"https:\/\/masajes.adrirodrigof5.es\/producto\/masajeador-de-pies-de-madera\/","name":"Masajeador de pies de madera. - Cura Vida - Masaje Terap\u00e9utico Profesional en Alicante","isPartOf":{"@id":"https:\/\/masajes.adrirodrigof5.es\/#website"},"datePublished":"2026-03-19T00:16:53+00:00","dateModified":"2026-03-19T12:38:36+00:00","breadcrumb":{"@id":"https:\/\/masajes.adrirodrigof5.es\/producto\/masajeador-de-pies-de-madera\/#breadcrumb"},"inLanguage":"en-US","potentialAction":[{"@type":"ReadAction","target":["https:\/\/masajes.adrirodrigof5.es\/producto\/masajeador-de-pies-de-madera\/"]}]},{"@type":"BreadcrumbList","@id":"https:\/\/masajes.adrirodrigof5.es\/producto\/masajeador-de-pies-de-madera\/#breadcrumb","itemListElement":[{"@type":"ListItem","position":1,"name":"Portada","item":"https:\/\/masajes.adrirodrigof5.es\/"},{"@type":"ListItem","position":2,"name":"Tienda","item":"https:\/\/masajes.adrirodrigof5.es\/tienda\/"},{"@type":"ListItem","position":3,"name":"Masajeador de pies de madera."}]},{"@type":"WebSite","@id":"https:\/\/masajes.adrirodrigof5.es\/#website","url":"https:\/\/masajes.adrirodrigof5.es\/","name":"Cura Vida - Masaje Terap\u00e9utico Profesional en Alicante","description":"Centro de recuperaci\u00f3n y masaje terap\u00e9utico en Alicante.","potentialAction":[{"@type":"SearchAction","target":{"@type":"EntryPoint","urlTemplate":"https:\/\/masajes.adrirodrigof5.es\/?s={search_term_string}"},"query-input":{"@type":"PropertyValueSpecification","valueRequired":true,"valueName":"search_term_string"}}],"inLanguage":"en-US"}]}},"_links":{"self":[{"href":"https:\/\/masajes.adrirodrigof5.es\/en\/wp-json\/wp\/v2\/product\/637","targetHints":{"allow":["GET"]}}],"collection":[{"href":"https:\/\/masajes.adrirodrigof5.es\/en\/wp-json\/wp\/v2\/product"}],"about":[{"href":"https:\/\/masajes.adrirodrigof5.es\/en\/wp-json\/wp\/v2\/types\/product"}],"replies":[{"embeddable":true,"href":"https:\/\/masajes.adrirodrigof5.es\/en\/wp-json\/wp\/v2\/comments?post=637"}],"wp:attachment":[{"href":"https:\/\/masajes.adrirodrigof5.es\/en\/wp-json\/wp\/v2\/media?parent=637"}],"wp:term":[{"taxonomy":"product_brand","embeddable":true,"href":"https:\/\/masajes.adrirodrigof5.es\/en\/wp-json\/wp\/v2\/product_brand?post=637"},{"taxonomy":"product_cat","embeddable":true,"href":"https:\/\/masajes.adrirodrigof5.es\/en\/wp-json\/wp\/v2\/product_cat?post=637"},{"taxonomy":"product_tag","embeddable":true,"href":"https:\/\/masajes.adrirodrigof5.es\/en\/wp-json\/wp\/v2\/product_tag?post=637"}],"curies":[{"name":"wp","href":"https:\/\/api.w.org\/{rel}","templated":true}]}}